{"id":350,"date":"2022-01-03T16:08:52","date_gmt":"2022-01-03T15:08:52","guid":{"rendered":"https:\/\/christophdangel.com\/discography\/dvorak-and-juon-piano-trios-trio-basilea"},"modified":"2022-03-26T15:00:48","modified_gmt":"2022-03-26T14:00:48","slug":"dvorak-and-juon-piano-trios-trio-basilea","status":"publish","type":"page","link":"https:\/\/christophdangel.com\/en\/discography\/dvorak-and-juon-piano-trios-trio-basilea","title":{"rendered":"Dvo\u0159\u00e1k and Juon Piano Trios &#8211; Trio Basilea"},"content":{"rendered":"<div class=\"wpb-content-wrapper\"><p>[vc_row row_height_percent=&#8221;0&#8243; override_padding=&#8221;yes&#8221; h_padding=&#8221;2&#8243; top_padding=&#8221;5&#8243; bottom_padding=&#8221;5&#8243; overlay_alpha=&#8221;50&#8243; equal_height=&#8221;yes&#8221; gutter_size=&#8221;4&#8243; column_width_percent=&#8221;100&#8243; shift_y=&#8221;0&#8243; z_index=&#8221;0&#8243; bottom_divider=&#8221;step_2_3&#8243;][vc_column column_width_percent=&#8221;100&#8243; gutter_size=&#8221;3&#8243; overlay_alpha=&#8221;50&#8243; shift_x=&#8221;0&#8243; shift_y=&#8221;0&#8243; shift_y_down=&#8221;0&#8243; z_index=&#8221;0&#8243; medium_width=&#8221;3&#8243; mobile_width=&#8221;0&#8243; width=&#8221;4\/12&#8243; uncode_shortcode_id=&#8221;110318&#8243;][vc_single_image media=&#8221;53&#8243; media_width_percent=&#8221;100&#8243; media_ratio=&#8221;one-one&#8221; shadow=&#8221;yes&#8221; shadow_weight=&#8221;lg&#8221; uncode_shortcode_id=&#8221;594181&#8243;][\/vc_column][vc_column column_width_percent=&#8221;100&#8243; gutter_size=&#8221;3&#8243; overlay_alpha=&#8221;50&#8243; shift_x=&#8221;0&#8243; shift_y=&#8221;0&#8243; shift_y_down=&#8221;0&#8243; z_index=&#8221;0&#8243; medium_width=&#8221;3&#8243; mobile_width=&#8221;0&#8243; width=&#8221;6\/12&#8243; uncode_shortcode_id=&#8221;140676&#8243;][vc_custom_heading heading_semantic=&#8221;h1&#8243; text_transform=&#8221;uppercase&#8221; uncode_shortcode_id=&#8221;641903&#8243;]<\/p>\n<h1>Anton\u00edn Dvo\u0159\u00e1k and Paul Juon &#8211; piano trios<\/h1>\n<p>[\/vc_custom_heading][vc_column_text uncode_shortcode_id=&#8221;370059&#8243;]<strong>Pieces<\/strong><\/p>\n<p>Antonin Dvorak: 3rd Piano Trio in F minor, Op. 65<br \/>\nPaul Juon: Litaniae, tone poem op. 70<\/p>\n<p><strong>Contributors<\/strong><\/p>\n<p>Trio Basilea<br \/>\nClaudia Sutter, piano<br \/>\nClaudia Dora, violin<br \/>\nChristoph Dangel, cello[\/vc_column_text][vc_column_text text_lead=&#8221;yes&#8221; uncode_shortcode_id=&#8221;103761&#8243;]<strong>Order via:<\/strong> <a href=\"mailto:contact@christophdangel.com\">contact@christophdangel.com<\/a>[\/vc_column_text][\/vc_column][\/vc_row]<\/p>\n<\/div>","protected":false},"excerpt":{"rendered":"<p>[vc_row row_height_percent=&#8221;0&#8243; override_padding=&#8221;yes&#8221; h_padding=&#8221;2&#8243; top_padding=&#8221;5&#8243; bottom_padding=&#8221;5&#8243; overlay_alpha=&#8221;50&#8243; equal_height=&#8221;yes&#8221; gutter_size=&#8221;4&#8243; column_width_percent=&#8221;100&#8243; shift_y=&#8221;0&#8243; z_index=&#8221;0&#8243; bottom_divider=&#8221;step_2_3&#8243;][vc_column column_width_percent=&#8221;100&#8243; gutter_size=&#8221;3&#8243; overlay_alpha=&#8221;50&#8243; shift_x=&#8221;0&#8243; shift_y=&#8221;0&#8243; shift_y_down=&#8221;0&#8243; z_index=&#8221;0&#8243; [&hellip;]<\/p>\n","protected":false},"author":1,"featured_media":297,"parent":335,"menu_order":0,"comment_status":"closed","ping_status":"closed","template":"","meta":{"footnotes":""},"class_list":["post-350","page","type-page","status-publish","has-post-thumbnail","hentry","page_category-album-en"],"_links":{"self":[{"href":"https:\/\/christophdangel.com\/en\/wp-json\/wp\/v2\/pages\/350","targetHints":{"allow":["GET"]}}],"collection":[{"href":"https:\/\/christophdangel.com\/en\/wp-json\/wp\/v2\/pages"}],"about":[{"href":"https:\/\/christophdangel.com\/en\/wp-json\/wp\/v2\/types\/page"}],"author":[{"embeddable":true,"href":"https:\/\/christophdangel.com\/en\/wp-json\/wp\/v2\/users\/1"}],"replies":[{"embeddable":true,"href":"https:\/\/christophdangel.com\/en\/wp-json\/wp\/v2\/comments?post=350"}],"version-history":[{"count":10,"href":"https:\/\/christophdangel.com\/en\/wp-json\/wp\/v2\/pages\/350\/revisions"}],"predecessor-version":[{"id":456,"href":"https:\/\/christophdangel.com\/en\/wp-json\/wp\/v2\/pages\/350\/revisions\/456"}],"up":[{"embeddable":true,"href":"https:\/\/christophdangel.com\/en\/wp-json\/wp\/v2\/pages\/335"}],"wp:featuredmedia":[{"embeddable":true,"href":"https:\/\/christophdangel.com\/en\/wp-json\/wp\/v2\/media\/297"}],"wp:attachment":[{"href":"https:\/\/christophdangel.com\/en\/wp-json\/wp\/v2\/media?parent=350"}],"curies":[{"name":"wp","href":"https:\/\/api.w.org\/{rel}","templated":true}]}}